{"id":1665,"date":"2024-01-18T11:20:40","date_gmt":"2024-01-18T11:20:40","guid":{"rendered":"https:\/\/montodo.es\/?page_id=1665"},"modified":"2024-04-21T21:40:06","modified_gmt":"2024-04-21T21:40:06","slug":"politica-de-privacidad","status":"publish","type":"page","link":"https:\/\/montodo.es\/montajes-y-decoracion\/politica-de-privacidad\/","title":{"rendered":"Pol\u00edtica de privacidad"},"content":{"rendered":"\t\t<div data-elementor-type=\"wp-page\" data-elementor-id=\"1665\" class=\"elementor elementor-1665\">\n\t\t\t\t<div class=\"elementor-element elementor-element-1c7eb3f e-flex e-con-boxed e-con e-parent\" data-id=\"1c7eb3f\" data-element_type=\"container\" data-e-type=\"container\">\n\t\t\t\t\t<div class=\"e-con-inner\">\n\t\t\t\t<div class=\"elementor-element elementor-element-75925f1 elementor-widget elementor-widget-text-editor\" data-id=\"75925f1\" data-element_type=\"widget\" data-e-type=\"widget\" data-widget_type=\"text-editor.default\">\n\t\t\t\t<div class=\"elementor-widget-container\">\n\t\t\t\t\t\t\t\t\t<p><span style=\"font-weight: 400;\">En cumplimiento del Cap\u00edtulo II de la ley 34\/2002, LSSICE, los informamos que la presente p\u00e1gina web es propiedad de Maria Ximena Hern\u00e1ndez, de ahora en adelante tambi\u00e9n el Prestador, domiciliada en Carrer de Marta Moragas 6,\u00a0 43882, Segur de Calafell, Tarragona y email info@montodo.es<\/span><\/p><p><span style=\"font-weight: 400;\"><br \/><\/span><span style=\"font-weight: 400;\">Maria Ximena Hernandez, como responsable del presente Sitio web y en conformidad con lo que dispone la normativa vigente en materia de protecci\u00f3n de datos personales, el Reglamento (UE) 2016\/679 de 27 de abril de 2016 (RGPD) relativo a la protecci\u00f3n de las personas f\u00edsicas en cuanto al tratamiento de datos personales y a la libre circulaci\u00f3n de estos datos, la Ley Org\u00e1nica 3\/2018, de 5 de diciembre, de Protecci\u00f3n de Datos de Car\u00e1cter Personal (LOPDGDD y por la Ley 34\/2002, de 11 de julio, de Servicios de la Sociedad de la Informaci\u00f3n y del Comercio Electr\u00f3nico (LSSICE), tiene implementadas todas las medidas de seguridad, de \u00edndole t\u00e9cnica y organizativas, establecidas en el Real decreto 1720\/2007 de 21 de Diciembre, para garantizar y proteger la confidencialidad, integridad y disponibilidad de los datos introducidos.\u00a0<\/span><\/p><p><span style=\"font-weight: 400;\"><br \/><\/span><span style=\"font-weight: 400;\">A efectos de lo que prev\u00e9 la LOPDGDD, Maria Ximena Hernandez le informa que los datos que voluntariamente nos est\u00e1 facilitando ser\u00e1n incorporadas a nuestros sistemas de informaci\u00f3n con el fin de realizar las gestiones comerciales y administrativas necesarias con los usuarios de la web; Las operaciones previstas para realizar los tratamientos son los siguientes: responder a las consultas y\/o proporcionar informaciones requeridas por el Usuario; realizar las prestaciones de servicios y\/o productos contratados o subscritos por el Usuario; realizar todas aquellas actividades propias de Maria Ximena Hernandez\u00a0 por el presente aviso legal rese\u00f1adas y remitir el bolet\u00edn de noticias de la p\u00e1gina web. <\/span><span style=\"font-weight: 400;\"><br \/><\/span><span style=\"font-weight: 400;\">El firmante garantiza la veracidad de los datos aportados y se compromete a comunicar cualquier cambio que se produzca en los mismos. <\/span><span style=\"font-weight: 400;\"><br \/><\/span><span style=\"font-weight: 400;\">El Prestador, mediante asterisco (*) en las casillas correspondientes del formulario de contacto, le informa de esta obligatoriedad al Usuario, indicando qu\u00e9 datos son necesarios. Mediante la indicaci\u00f3n e introducci\u00f3n de los datos, el Usuario otorga el consentimiento inequ\u00edvoco a Maria Ximena Hernandez para que proceda al tratamiento de los datos facilitados en pro de las finalidades mencionadas.\u00a0<\/span><\/p><p><span style=\"font-weight: 400;\"><br \/><\/span><span style=\"font-weight: 400;\">El no facilitar los datos personales solicitados o el no aceptar la presente pol\u00edtica de protecci\u00f3n de datos supone la imposibilidad de subscribirse, registrarse o recibir informaci\u00f3n de los productos y servicios del Prestador.\u00a0<\/span><\/p><p><span style=\"font-weight: 400;\"><br \/><\/span><span style=\"font-weight: 400;\">En conformidad con lo que disponen las normativas vigentes en protecci\u00f3n de datos personales, el Prestador est\u00e1 cumpliendo con todas las disposiciones de las normativas RGPD y LOPDGDD para el tratamiento de los datos personales de su responsabilidad, y manifiestamente con los principios descritos al art. 5 del RGPD y al art. 4 de la LOPD, por los cuales son tratados de manera l\u00edcita, leal y transparente en relaci\u00f3n con el interesado y adecuadas, pertinentes y limitados al que es necesario en relaci\u00f3n con los fines para los cuales son tratados.\u00a0<\/span><\/p><p><span style=\"font-weight: 400;\"><br \/><\/span><span style=\"font-weight: 400;\">El RESPONSABLE garantiza que ha implementado pol\u00edticas t\u00e9cnicas y organizativas apropiadas para aplicar las medidas de seguridad que establecen el RGPD y la LOPDGDD para proteger los derechos y libertades de los Usuarios.\u00a0<\/span><\/p><p><span style=\"font-weight: 400;\"><br \/><\/span><span style=\"font-weight: 400;\">De acuerdo con estas normativas, pues, le informamos que tiene derecho a solicitar el acceso, rectificaci\u00f3n, portabilidad y supresi\u00f3n de sus datos y la limitaci\u00f3n y oposici\u00f3n a su tratamiento dirigi\u00e9ndose a Carrer de Marta Moragas 6, 43882, Segur de Calafell, Tarragona, enviando un correo electr\u00f3nico a info@montodo.es. indicando como Asunto: \u201cLOPD, Derechos ARCO\u201d, y adjuntando fotocopia de su DNI o cualquier medio an\u00e1logo en derecho, tal y como indica la ley. Tiene derecho a retirar el consentimiento prestado en cualquier momento. La retirada del consentimiento no afectar\u00e1 a la licitud del tratamiento efectuado antes de la retirada del consentimiento. Tambi\u00e9n tiene derecho a presentar una reclamaci\u00f3n ante la autoridad de control si considera que pueden haberse visto vulnerados sus derechos en relaci\u00f3n a la protecci\u00f3n de sus datos (agpd.es). <\/span><span style=\"font-weight: 400;\"><br \/><\/span> <span style=\"font-weight: 400;\"><br \/><\/span><span style=\"font-weight: 400;\">CONFIDENCIALIDAD Y CESI\u00d3N DE DATOS A TERCEROS <\/span><span style=\"font-weight: 400;\"><br \/><\/span><span style=\"font-weight: 400;\">Los datos que nos facilite se tratar\u00e1n de forma confidencial. El Prestador ha adoptado todas las medidas t\u00e9cnicas y organizativas y todos los niveles de protecci\u00f3n necesarios para garantizar la seguridad en el tratamiento de los datos y evitar su alteraci\u00f3n, p\u00e9rdida, robo, tratamiento o acceso no autorizado, de acuerdo el estado de la tecnolog\u00eda y naturaleza de los datos almacenados. As\u00ed mismo, se garantiza tambi\u00e9n que el tratamiento y registro en ficheros, programas, sistemas o equipos, locales y centros cumplen con los requisitos y condiciones de integridad y seguridad establecidas en la normativa vigente. <\/span><span style=\"font-weight: 400;\"><br \/><\/span><span style=\"font-weight: 400;\">Maria Ximena Hernandez no ceder\u00e1 los datos personales a terceros, excepto por obligaci\u00f3n legal. Sin embargo, en el caso de ser cedidos a alg\u00fan tercero se producir\u00eda una informaci\u00f3n previa solicitando el consentimiento expreso para tal cesi\u00f3n. La entidad responsable de la base de datos, as\u00ed como los que intervengan en cualquier fase del tratamiento y\/o las entidades a quienes se los haya comunicado -en todo caso siempre con la correspondiente autorizaci\u00f3n otorgada por el usuario-, est\u00e1n obligadas a observar el secreto profesional y a la adopci\u00f3n de los niveles de protecci\u00f3n y las medidas t\u00e9cnicas y organizativas necesarias a su alcance para garantizar la seguridad de los datos de car\u00e1cter personal, evitando, dentro de lo posible, accesos no autorizados, modificaciones il\u00edcitas, substracciones y\/o la p\u00e9rdida de los datos, con objeto de procurar el correspondiente nivel de seguridad de los ficheros del Prestador, seg\u00fan la naturaleza y sensibilidad de los datos facilitados por los usuarios del presente Sitio web. <\/span><span style=\"font-weight: 400;\"><br \/><\/span> <span style=\"font-weight: 400;\"><br \/><\/span><span style=\"font-weight: 400;\">ACEPTACI\u00d3N Y CONSENTIMIENTO<\/span><span style=\"font-weight: 400;\"><br \/><\/span><span style=\"font-weight: 400;\">El Usuario declara haber sido informado de las condiciones sobre protecci\u00f3n de datos de car\u00e1cter personal, aceptando y consintiendo el tratamiento automatizado de los mismos por parte de Maria Ximena Hernandez\u00a0 en la forma y para las finalidades indicadas en la presente Pol\u00edtica de Protecci\u00f3n de Datos Personales. <\/span><span style=\"font-weight: 400;\"><br \/><\/span><span style=\"font-weight: 400;\">A trav\u00e9s de esta Pol\u00edtica de Privacidad le informamos que las fotograf\u00edas que est\u00e9n colgadas en la web son propiedad de Maria Ximena Hernandez, incluyendo las de los menores, en las que, para la obtenci\u00f3n de estas, se ha obtenido el consentimiento previo de los padres, tutores o representantes legales mediante la firma de los formularios realizados al efecto. Sin embargo, los padres, tutores o representantes de los menores, como titulares del ejercicio de los derechos de estos, y siempre previo requerimiento formal por escrito, pueden indicar la negativa al uso de la imagen del menor; en este caso, la imagen se mostrar\u00e1 pixelada. <\/span><span style=\"font-weight: 400;\"><br \/><\/span> <span style=\"font-weight: 400;\"><br \/><\/span><span style=\"font-weight: 400;\">EXACTITUD Y VERACIDAD DE LOS DATOS <\/span><span style=\"font-weight: 400;\"><br \/><\/span><span style=\"font-weight: 400;\">El usuario es el \u00fanico responsable de la veracidad y correcci\u00f3n de los datos que remita a Maria Ximena Hernandez , exonerando al Prestador de cualquier responsabilidad al respeto. Los usuarios garantizan y responden, en cualquier caso, de la exactitud, vigencia y autenticidad de los datos personales facilitados, y se comprometen a mantenerlos debidamente actualizados. El usuario acepta proporcionar informaci\u00f3n completa y correcta en el formulario de registro o suscripci\u00f3n. <\/span><\/p>\t\t\t\t\t\t\t\t<\/div>\n\t\t\t\t<\/div>\n\t\t\t\t\t<\/div>\n\t\t\t\t<\/div>\n\t\t\t\t<\/div>\n\t\t","protected":false},"excerpt":{"rendered":"<p>En cumplimiento del Cap\u00edtulo II de la ley 34\/2002, LSSICE, los informamos que la presente p\u00e1gina web es propiedad de Maria Ximena Hern\u00e1ndez, de ahora en adelante tambi\u00e9n el Prestador, domiciliada en Carrer de Marta Moragas 6,\u00a0 43882, Segur de Calafell, Tarragona y email info@montodo.es Maria Ximena Hernandez, como responsable del presente Sitio web y [&hellip;]<\/p>\n","protected":false},"author":1,"featured_media":0,"parent":0,"menu_order":0,"comment_status":"closed","ping_status":"closed","template":"","meta":{"site-sidebar-layout":"default","site-content-layout":"","ast-site-content-layout":"","site-content-style":"default","site-sidebar-style":"default","ast-global-header-display":"","ast-banner-title-visibility":"","ast-main-header-display":"","ast-hfb-above-header-display":"","ast-hfb-below-header-display":"","ast-hfb-mobile-header-display":"","site-post-title":"","ast-breadcrumbs-content":"","ast-featured-img":"","footer-sml-layout":"","theme-transparent-header-meta":"","adv-header-id-meta":"","stick-header-meta":"","header-above-stick-meta":"","header-main-stick-meta":"","header-below-stick-meta":"","astra-migrate-meta-layouts":"default","ast-page-background-enabled":"default","ast-page-background-meta":{"desktop":{"background-color":"","background-image":"","background-repeat":"repeat","background-position":"center center","background-size":"auto","background-attachment":"scroll","background-type":"","background-media":"","overlay-type":"","overlay-color":"","overlay-gradient":""},"tablet":{"background-color":"","background-image":"","background-repeat":"repeat","background-position":"center center","background-size":"auto","background-attachment":"scroll","background-type":"","background-media":"","overlay-type":"","overlay-color":"","overlay-gradient":""},"mobile":{"background-color":"","background-image":"","background-repeat":"repeat","background-position":"center center","background-size":"auto","background-attachment":"scroll","background-type":"","background-media":"","overlay-type":"","overlay-color":"","overlay-gradient":""}},"ast-content-background-meta":{"desktop":{"background-color":"var(--ast-global-color-5)","background-image":"","background-repeat":"repeat","background-position":"center center","background-size":"auto","background-attachment":"scroll","background-type":"","background-media":"","overlay-type":"","overlay-color":"","overlay-gradient":""},"tablet":{"background-color":"var(--ast-global-color-5)","background-image":"","background-repeat":"repeat","background-position":"center center","background-size":"auto","background-attachment":"scroll","background-type":"","background-media":"","overlay-type":"","overlay-color":"","overlay-gradient":""},"mobile":{"background-color":"var(--ast-global-color-5)","background-image":"","background-repeat":"repeat","background-position":"center center","background-size":"auto","background-attachment":"scroll","background-type":"","background-media":"","overlay-type":"","overlay-color":"","overlay-gradient":""}},"footnotes":""},"class_list":["post-1665","page","type-page","status-publish","hentry"],"yoast_head":"<!-- This site is optimized with the Yoast SEO plugin v27.4 - https:\/\/yoast.com\/product\/yoast-seo-wordpress\/ -->\n<title>Pol\u00edtica de privacidad | Montodo<\/title>\n<meta name=\"robots\" content=\"index, follow, max-snippet:-1, max-image-preview:large, max-video-preview:-1\" \/>\n<link rel=\"canonical\" href=\"https:\/\/montodo.es\/montajes-y-decoracion\/politica-de-privacidad\/\" \/>\n<meta property=\"og:locale\" content=\"es_ES\" \/>\n<meta property=\"og:type\" content=\"article\" \/>\n<meta property=\"og:title\" content=\"Pol\u00edtica de privacidad | Montodo\" \/>\n<meta property=\"og:description\" content=\"En cumplimiento del Cap\u00edtulo II de la ley 34\/2002, LSSICE, los informamos que la presente p\u00e1gina web es propiedad de Maria Ximena Hern\u00e1ndez, de ahora en adelante tambi\u00e9n el Prestador, domiciliada en Carrer de Marta Moragas 6,\u00a0 43882, Segur de Calafell, Tarragona y email info@montodo.es Maria Ximena Hernandez, como responsable del presente Sitio web y [&hellip;]\" \/>\n<meta property=\"og:url\" content=\"https:\/\/montodo.es\/montajes-y-decoracion\/politica-de-privacidad\/\" \/>\n<meta property=\"og:site_name\" content=\"Montodo\" \/>\n<meta property=\"article:publisher\" content=\"https:\/\/www.facebook.com\/profile.php?id=61554963760940\" \/>\n<meta property=\"article:modified_time\" content=\"2024-04-21T21:40:06+00:00\" \/>\n<meta name=\"twitter:card\" content=\"summary_large_image\" \/>\n<meta name=\"twitter:label1\" content=\"Tiempo de lectura\" \/>\n\t<meta name=\"twitter:data1\" content=\"6 minutos\" \/>\n<script type=\"application\/ld+json\" class=\"yoast-schema-graph\">{\"@context\":\"https:\\\/\\\/schema.org\",\"@graph\":[{\"@type\":\"WebPage\",\"@id\":\"https:\\\/\\\/montodo.es\\\/montajes-y-decoracion\\\/politica-de-privacidad\\\/\",\"url\":\"https:\\\/\\\/montodo.es\\\/montajes-y-decoracion\\\/politica-de-privacidad\\\/\",\"name\":\"Pol\u00edtica de privacidad | Montodo\",\"isPartOf\":{\"@id\":\"https:\\\/\\\/montodo.es\\\/montajes-y-decoracion\\\/#website\"},\"datePublished\":\"2024-01-18T11:20:40+00:00\",\"dateModified\":\"2024-04-21T21:40:06+00:00\",\"breadcrumb\":{\"@id\":\"https:\\\/\\\/montodo.es\\\/montajes-y-decoracion\\\/politica-de-privacidad\\\/#breadcrumb\"},\"inLanguage\":\"es\",\"potentialAction\":[{\"@type\":\"ReadAction\",\"target\":[\"https:\\\/\\\/montodo.es\\\/montajes-y-decoracion\\\/politica-de-privacidad\\\/\"]}]},{\"@type\":\"BreadcrumbList\",\"@id\":\"https:\\\/\\\/montodo.es\\\/montajes-y-decoracion\\\/politica-de-privacidad\\\/#breadcrumb\",\"itemListElement\":[{\"@type\":\"ListItem\",\"position\":1,\"name\":\"Portada\",\"item\":\"https:\\\/\\\/montodo.es\\\/montajes-y-decoracion\\\/\"},{\"@type\":\"ListItem\",\"position\":2,\"name\":\"Pol\u00edtica de privacidad\"}]},{\"@type\":\"WebSite\",\"@id\":\"https:\\\/\\\/montodo.es\\\/montajes-y-decoracion\\\/#website\",\"url\":\"https:\\\/\\\/montodo.es\\\/montajes-y-decoracion\\\/\",\"name\":\"Montodo.es\",\"description\":\"Montajes &amp; Decoraci\u00f3n\",\"publisher\":{\"@id\":\"https:\\\/\\\/montodo.es\\\/montajes-y-decoracion\\\/#organization\"},\"potentialAction\":[{\"@type\":\"SearchAction\",\"target\":{\"@type\":\"EntryPoint\",\"urlTemplate\":\"https:\\\/\\\/montodo.es\\\/montajes-y-decoracion\\\/?s={search_term_string}\"},\"query-input\":{\"@type\":\"PropertyValueSpecification\",\"valueRequired\":true,\"valueName\":\"search_term_string\"}}],\"inLanguage\":\"es\"},{\"@type\":\"Organization\",\"@id\":\"https:\\\/\\\/montodo.es\\\/montajes-y-decoracion\\\/#organization\",\"name\":\"Montodo Montajes y decoraci\u00f3n\",\"alternateName\":\"Montodo Montajes\",\"url\":\"https:\\\/\\\/montodo.es\\\/montajes-y-decoracion\\\/\",\"logo\":{\"@type\":\"ImageObject\",\"inLanguage\":\"es\",\"@id\":\"https:\\\/\\\/montodo.es\\\/montajes-y-decoracion\\\/#\\\/schema\\\/logo\\\/image\\\/\",\"url\":\"https:\\\/\\\/montodo.es\\\/wp-content\\\/uploads\\\/2024\\\/01\\\/cropped-9C.png\",\"contentUrl\":\"https:\\\/\\\/montodo.es\\\/wp-content\\\/uploads\\\/2024\\\/01\\\/cropped-9C.png\",\"width\":512,\"height\":512,\"caption\":\"Montodo Montajes y decoraci\u00f3n\"},\"image\":{\"@id\":\"https:\\\/\\\/montodo.es\\\/montajes-y-decoracion\\\/#\\\/schema\\\/logo\\\/image\\\/\"},\"sameAs\":[\"https:\\\/\\\/www.facebook.com\\\/profile.php?id=61554963760940\",\"https:\\\/\\\/www.instagram.com\\\/montodo_montajes\\\/\"]}]}<\/script>\n<!-- \/ Yoast SEO plugin. -->","yoast_head_json":{"title":"Pol\u00edtica de privacidad | Montodo","robots":{"index":"index","follow":"follow","max-snippet":"max-snippet:-1","max-image-preview":"max-image-preview:large","max-video-preview":"max-video-preview:-1"},"canonical":"https:\/\/montodo.es\/montajes-y-decoracion\/politica-de-privacidad\/","og_locale":"es_ES","og_type":"article","og_title":"Pol\u00edtica de privacidad | Montodo","og_description":"En cumplimiento del Cap\u00edtulo II de la ley 34\/2002, LSSICE, los informamos que la presente p\u00e1gina web es propiedad de Maria Ximena Hern\u00e1ndez, de ahora en adelante tambi\u00e9n el Prestador, domiciliada en Carrer de Marta Moragas 6,\u00a0 43882, Segur de Calafell, Tarragona y email info@montodo.es Maria Ximena Hernandez, como responsable del presente Sitio web y [&hellip;]","og_url":"https:\/\/montodo.es\/montajes-y-decoracion\/politica-de-privacidad\/","og_site_name":"Montodo","article_publisher":"https:\/\/www.facebook.com\/profile.php?id=61554963760940","article_modified_time":"2024-04-21T21:40:06+00:00","twitter_card":"summary_large_image","twitter_misc":{"Tiempo de lectura":"6 minutos"},"schema":{"@context":"https:\/\/schema.org","@graph":[{"@type":"WebPage","@id":"https:\/\/montodo.es\/montajes-y-decoracion\/politica-de-privacidad\/","url":"https:\/\/montodo.es\/montajes-y-decoracion\/politica-de-privacidad\/","name":"Pol\u00edtica de privacidad | Montodo","isPartOf":{"@id":"https:\/\/montodo.es\/montajes-y-decoracion\/#website"},"datePublished":"2024-01-18T11:20:40+00:00","dateModified":"2024-04-21T21:40:06+00:00","breadcrumb":{"@id":"https:\/\/montodo.es\/montajes-y-decoracion\/politica-de-privacidad\/#breadcrumb"},"inLanguage":"es","potentialAction":[{"@type":"ReadAction","target":["https:\/\/montodo.es\/montajes-y-decoracion\/politica-de-privacidad\/"]}]},{"@type":"BreadcrumbList","@id":"https:\/\/montodo.es\/montajes-y-decoracion\/politica-de-privacidad\/#breadcrumb","itemListElement":[{"@type":"ListItem","position":1,"name":"Portada","item":"https:\/\/montodo.es\/montajes-y-decoracion\/"},{"@type":"ListItem","position":2,"name":"Pol\u00edtica de privacidad"}]},{"@type":"WebSite","@id":"https:\/\/montodo.es\/montajes-y-decoracion\/#website","url":"https:\/\/montodo.es\/montajes-y-decoracion\/","name":"Montodo.es","description":"Montajes &amp; Decoraci\u00f3n","publisher":{"@id":"https:\/\/montodo.es\/montajes-y-decoracion\/#organization"},"potentialAction":[{"@type":"SearchAction","target":{"@type":"EntryPoint","urlTemplate":"https:\/\/montodo.es\/montajes-y-decoracion\/?s={search_term_string}"},"query-input":{"@type":"PropertyValueSpecification","valueRequired":true,"valueName":"search_term_string"}}],"inLanguage":"es"},{"@type":"Organization","@id":"https:\/\/montodo.es\/montajes-y-decoracion\/#organization","name":"Montodo Montajes y decoraci\u00f3n","alternateName":"Montodo Montajes","url":"https:\/\/montodo.es\/montajes-y-decoracion\/","logo":{"@type":"ImageObject","inLanguage":"es","@id":"https:\/\/montodo.es\/montajes-y-decoracion\/#\/schema\/logo\/image\/","url":"https:\/\/montodo.es\/wp-content\/uploads\/2024\/01\/cropped-9C.png","contentUrl":"https:\/\/montodo.es\/wp-content\/uploads\/2024\/01\/cropped-9C.png","width":512,"height":512,"caption":"Montodo Montajes y decoraci\u00f3n"},"image":{"@id":"https:\/\/montodo.es\/montajes-y-decoracion\/#\/schema\/logo\/image\/"},"sameAs":["https:\/\/www.facebook.com\/profile.php?id=61554963760940","https:\/\/www.instagram.com\/montodo_montajes\/"]}]}},"_links":{"self":[{"href":"https:\/\/montodo.es\/montajes-y-decoracion\/wp-json\/wp\/v2\/pages\/1665","targetHints":{"allow":["GET"]}}],"collection":[{"href":"https:\/\/montodo.es\/montajes-y-decoracion\/wp-json\/wp\/v2\/pages"}],"about":[{"href":"https:\/\/montodo.es\/montajes-y-decoracion\/wp-json\/wp\/v2\/types\/page"}],"author":[{"embeddable":true,"href":"https:\/\/montodo.es\/montajes-y-decoracion\/wp-json\/wp\/v2\/users\/1"}],"replies":[{"embeddable":true,"href":"https:\/\/montodo.es\/montajes-y-decoracion\/wp-json\/wp\/v2\/comments?post=1665"}],"version-history":[{"count":6,"href":"https:\/\/montodo.es\/montajes-y-decoracion\/wp-json\/wp\/v2\/pages\/1665\/revisions"}],"predecessor-version":[{"id":3571,"href":"https:\/\/montodo.es\/montajes-y-decoracion\/wp-json\/wp\/v2\/pages\/1665\/revisions\/3571"}],"wp:attachment":[{"href":"https:\/\/montodo.es\/montajes-y-decoracion\/wp-json\/wp\/v2\/media?parent=1665"}],"curies":[{"name":"wp","href":"https:\/\/api.w.org\/{rel}","templated":true}]}}